{"id":1142,"date":"2022-03-31T18:28:53","date_gmt":"2022-03-31T16:28:53","guid":{"rendered":"https:\/\/alfioghezzi.com\/?post_type=product&#038;p=1142"},"modified":"2024-06-20T12:32:57","modified_gmt":"2024-06-20T10:32:57","slug":"nettare-di-pesche","status":"publish","type":"product","link":"https:\/\/alfioghezzi.com\/en\/prodotto\/nettare-di-pesche\/","title":{"rendered":"Nettare di Pesche"},"content":{"rendered":"<p>Il nettare di pesche \u00e8 vellutato, complesso e profumato, da bere in ogni momento della giornata, pu\u00f2 anche essere una sorta di spuntino per colazione o merenda. \u00c8 ottimo nel bere miscelato.<\/p>\n","protected":false},"excerpt":{"rendered":"Il nettare di pesche \u00e8 vellutato, complesso e profumato, da bere in ogni momento della giornata, pu\u00f2 anche essere una sorta di spuntino per colazione o merenda. \u00c8 ottimo nel bere miscelato.","protected":false},"featured_media":1143,"template":"","meta":{"_acf_changed":false},"product_brand":[],"product_cat":[35],"product_tag":[],"class_list":{"0":"post-1142","1":"product","2":"type-product","3":"status-publish","4":"has-post-thumbnail","6":"product_cat-nettari","8":"first","9":"instock","10":"shipping-taxable","11":"purchasable","12":"product-type-simple"},"acf":[],"yoast_head":"<!-- This site is optimized with the Yoast SEO plugin v24.6 - https:\/\/yoast.com\/wordpress\/plugins\/seo\/ -->\n<title>Nettare di Pesche - Alfio Ghezzi<\/title>\n<meta name=\"robots\" content=\"index, follow, max-snippet:-1, max-image-preview:large, max-video-preview:-1\" \/>\n<link rel=\"canonical\" href=\"https:\/\/alfioghezzi.com\/en\/prodotto\/nettare-di-pesche\/\" \/>\n<meta property=\"og:locale\" content=\"en_GB\" \/>\n<meta property=\"og:type\" content=\"article\" \/>\n<meta property=\"og:title\" content=\"Nettare di Pesche - Alfio Ghezzi\" \/>\n<meta property=\"og:description\" content=\"Il nettare di pesche \u00e8 vellutato, complesso e profumato, da bere in ogni momento della giornata, pu\u00f2 anche essere una sorta di spuntino per colazione o merenda. \u00c8 ottimo nel bere miscelato.\" \/>\n<meta property=\"og:url\" content=\"https:\/\/alfioghezzi.com\/en\/prodotto\/nettare-di-pesche\/\" \/>\n<meta property=\"og:site_name\" content=\"Alfio Ghezzi\" \/>\n<meta property=\"article:modified_time\" content=\"2024-06-20T10:32:57+00:00\" \/>\n<meta property=\"og:image\" content=\"https:\/\/alfioghezzi.com\/site\/wp-content\/uploads\/antologia-nettare-pesche-A-1.jpg\" \/>\n\t<meta property=\"og:image:width\" content=\"2000\" \/>\n\t<meta property=\"og:image:height\" content=\"2000\" \/>\n\t<meta property=\"og:image:type\" content=\"image\/jpeg\" \/>\n<meta name=\"twitter:card\" content=\"summary_large_image\" \/>\n<meta name=\"twitter:label1\" content=\"Est. reading time\" \/>\n\t<meta name=\"twitter:data1\" content=\"1 minute\" \/>\n<script type=\"application\/ld+json\" class=\"yoast-schema-graph\">{\"@context\":\"https:\/\/schema.org\",\"@graph\":[{\"@type\":\"WebPage\",\"@id\":\"https:\/\/alfioghezzi.com\/en\/prodotto\/nettare-di-pesche\/\",\"url\":\"https:\/\/alfioghezzi.com\/en\/prodotto\/nettare-di-pesche\/\",\"name\":\"Nettare di Pesche - Alfio Ghezzi\",\"isPartOf\":{\"@id\":\"https:\/\/alfioghezzi.com\/en\/#website\"},\"primaryImageOfPage\":{\"@id\":\"https:\/\/alfioghezzi.com\/en\/prodotto\/nettare-di-pesche\/#primaryimage\"},\"image\":{\"@id\":\"https:\/\/alfioghezzi.com\/en\/prodotto\/nettare-di-pesche\/#primaryimage\"},\"thumbnailUrl\":\"https:\/\/alfioghezzi.com\/site\/wp-content\/uploads\/antologia-nettare-pesche-A-1.jpg\",\"datePublished\":\"2022-03-31T16:28:53+00:00\",\"dateModified\":\"2024-06-20T10:32:57+00:00\",\"inLanguage\":\"en-GB\",\"potentialAction\":[{\"@type\":\"ReadAction\",\"target\":[\"https:\/\/alfioghezzi.com\/en\/prodotto\/nettare-di-pesche\/\"]}]},{\"@type\":\"ImageObject\",\"inLanguage\":\"en-GB\",\"@id\":\"https:\/\/alfioghezzi.com\/en\/prodotto\/nettare-di-pesche\/#primaryimage\",\"url\":\"https:\/\/alfioghezzi.com\/site\/wp-content\/uploads\/antologia-nettare-pesche-A-1.jpg\",\"contentUrl\":\"https:\/\/alfioghezzi.com\/site\/wp-content\/uploads\/antologia-nettare-pesche-A-1.jpg\",\"width\":2000,\"height\":2000},{\"@type\":\"WebSite\",\"@id\":\"https:\/\/alfioghezzi.com\/en\/#website\",\"url\":\"https:\/\/alfioghezzi.com\/en\/\",\"name\":\"Alfio Ghezzi\",\"description\":\"\",\"potentialAction\":[{\"@type\":\"SearchAction\",\"target\":{\"@type\":\"EntryPoint\",\"urlTemplate\":\"https:\/\/alfioghezzi.com\/en\/?s={search_term_string}\"},\"query-input\":{\"@type\":\"PropertyValueSpecification\",\"valueRequired\":true,\"valueName\":\"search_term_string\"}}],\"inLanguage\":\"en-GB\"}]}<\/script>\n<!-- \/ Yoast SEO plugin. -->","yoast_head_json":{"title":"Nettare di Pesche - Alfio Ghezzi","robots":{"index":"index","follow":"follow","max-snippet":"max-snippet:-1","max-image-preview":"max-image-preview:large","max-video-preview":"max-video-preview:-1"},"canonical":"https:\/\/alfioghezzi.com\/en\/prodotto\/nettare-di-pesche\/","og_locale":"en_GB","og_type":"article","og_title":"Nettare di Pesche - Alfio Ghezzi","og_description":"Il nettare di pesche \u00e8 vellutato, complesso e profumato, da bere in ogni momento della giornata, pu\u00f2 anche essere una sorta di spuntino per colazione o merenda. \u00c8 ottimo nel bere miscelato.","og_url":"https:\/\/alfioghezzi.com\/en\/prodotto\/nettare-di-pesche\/","og_site_name":"Alfio Ghezzi","article_modified_time":"2024-06-20T10:32:57+00:00","og_image":[{"width":2000,"height":2000,"url":"https:\/\/alfioghezzi.com\/site\/wp-content\/uploads\/antologia-nettare-pesche-A-1.jpg","type":"image\/jpeg"}],"twitter_card":"summary_large_image","twitter_misc":{"Est. reading time":"1 minute"},"schema":{"@context":"https:\/\/schema.org","@graph":[{"@type":"WebPage","@id":"https:\/\/alfioghezzi.com\/en\/prodotto\/nettare-di-pesche\/","url":"https:\/\/alfioghezzi.com\/en\/prodotto\/nettare-di-pesche\/","name":"Nettare di Pesche - Alfio Ghezzi","isPartOf":{"@id":"https:\/\/alfioghezzi.com\/en\/#website"},"primaryImageOfPage":{"@id":"https:\/\/alfioghezzi.com\/en\/prodotto\/nettare-di-pesche\/#primaryimage"},"image":{"@id":"https:\/\/alfioghezzi.com\/en\/prodotto\/nettare-di-pesche\/#primaryimage"},"thumbnailUrl":"https:\/\/alfioghezzi.com\/site\/wp-content\/uploads\/antologia-nettare-pesche-A-1.jpg","datePublished":"2022-03-31T16:28:53+00:00","dateModified":"2024-06-20T10:32:57+00:00","inLanguage":"en-GB","potentialAction":[{"@type":"ReadAction","target":["https:\/\/alfioghezzi.com\/en\/prodotto\/nettare-di-pesche\/"]}]},{"@type":"ImageObject","inLanguage":"en-GB","@id":"https:\/\/alfioghezzi.com\/en\/prodotto\/nettare-di-pesche\/#primaryimage","url":"https:\/\/alfioghezzi.com\/site\/wp-content\/uploads\/antologia-nettare-pesche-A-1.jpg","contentUrl":"https:\/\/alfioghezzi.com\/site\/wp-content\/uploads\/antologia-nettare-pesche-A-1.jpg","width":2000,"height":2000},{"@type":"WebSite","@id":"https:\/\/alfioghezzi.com\/en\/#website","url":"https:\/\/alfioghezzi.com\/en\/","name":"Alfio Ghezzi","description":"","potentialAction":[{"@type":"SearchAction","target":{"@type":"EntryPoint","urlTemplate":"https:\/\/alfioghezzi.com\/en\/?s={search_term_string}"},"query-input":{"@type":"PropertyValueSpecification","valueRequired":true,"valueName":"search_term_string"}}],"inLanguage":"en-GB"}]}},"_links":{"self":[{"href":"https:\/\/alfioghezzi.com\/en\/wp-json\/wp\/v2\/product\/1142","targetHints":{"allow":["GET"]}}],"collection":[{"href":"https:\/\/alfioghezzi.com\/en\/wp-json\/wp\/v2\/product"}],"about":[{"href":"https:\/\/alfioghezzi.com\/en\/wp-json\/wp\/v2\/types\/product"}],"wp:featuredmedia":[{"embeddable":true,"href":"https:\/\/alfioghezzi.com\/en\/wp-json\/wp\/v2\/media\/1143"}],"wp:attachment":[{"href":"https:\/\/alfioghezzi.com\/en\/wp-json\/wp\/v2\/media?parent=1142"}],"wp:term":[{"taxonomy":"product_brand","embeddable":true,"href":"https:\/\/alfioghezzi.com\/en\/wp-json\/wp\/v2\/product_brand?post=1142"},{"taxonomy":"product_cat","embeddable":true,"href":"https:\/\/alfioghezzi.com\/en\/wp-json\/wp\/v2\/product_cat?post=1142"},{"taxonomy":"product_tag","embeddable":true,"href":"https:\/\/alfioghezzi.com\/en\/wp-json\/wp\/v2\/product_tag?post=1142"}],"curies":[{"name":"wp","href":"https:\/\/api.w.org\/{rel}","templated":true}]}}