{"id":1418,"date":"2024-09-16T09:05:39","date_gmt":"2024-09-16T07:05:39","guid":{"rendered":"https:\/\/alfioghezzi.com\/?post_type=product&#038;p=1418"},"modified":"2025-09-12T14:38:41","modified_gmt":"2025-09-12T12:38:41","slug":"ragu-vegano-di-noci","status":"publish","type":"product","link":"https:\/\/alfioghezzi.com\/en\/prodotto\/ragu-vegano-di-noci\/","title":{"rendered":"Rag\u00f9 Vegano di Noci"},"content":{"rendered":"<p>\u00c8 un rag\u00f9 vero e proprio, in cui abbiamo sostituito la carne con le noci, creando cosi un condimento vegano con la stessa lunghezza gustativa della ricetta tradizionale.<\/p>\n","protected":false},"excerpt":{"rendered":"\u00c8 un rag\u00f9 vero e proprio, in cui abbiamo sostituito la carne con le noci, creando cosi un condimento vegano con la stessa lunghezza gustativa della ricetta tradizionale.","protected":false},"featured_media":1411,"template":"","meta":{"_acf_changed":false},"product_brand":[],"product_cat":[40],"product_tag":[],"class_list":{"0":"post-1418","1":"product","2":"type-product","3":"status-publish","4":"has-post-thumbnail","6":"product_cat-conserve","8":"first","9":"outofstock","10":"shipping-taxable","11":"purchasable","12":"product-type-simple"},"acf":[],"yoast_head":"<!-- This site is optimized with the Yoast SEO plugin v24.6 - https:\/\/yoast.com\/wordpress\/plugins\/seo\/ -->\n<title>Rag\u00f9 Vegano di Noci - Alfio Ghezzi<\/title>\n<meta name=\"robots\" content=\"index, follow, max-snippet:-1, max-image-preview:large, max-video-preview:-1\" \/>\n<link rel=\"canonical\" href=\"https:\/\/alfioghezzi.com\/en\/prodotto\/ragu-vegano-di-noci\/\" \/>\n<meta property=\"og:locale\" content=\"en_GB\" \/>\n<meta property=\"og:type\" content=\"article\" \/>\n<meta property=\"og:title\" content=\"Rag\u00f9 Vegano di Noci - Alfio Ghezzi\" \/>\n<meta property=\"og:description\" content=\"\u00c8 un rag\u00f9 vero e proprio, in cui abbiamo sostituito la carne con le noci, creando cosi un condimento vegano con la stessa lunghezza gustativa della ricetta tradizionale.\" \/>\n<meta property=\"og:url\" content=\"https:\/\/alfioghezzi.com\/en\/prodotto\/ragu-vegano-di-noci\/\" \/>\n<meta property=\"og:site_name\" content=\"Alfio Ghezzi\" \/>\n<meta property=\"article:modified_time\" content=\"2025-09-12T12:38:41+00:00\" \/>\n<meta property=\"og:image\" content=\"https:\/\/alfioghezzi.com\/site\/wp-content\/uploads\/Ragu\u0300-vegano.png\" \/>\n\t<meta property=\"og:image:width\" content=\"1080\" \/>\n\t<meta property=\"og:image:height\" content=\"1080\" \/>\n\t<meta property=\"og:image:type\" content=\"image\/png\" \/>\n<meta name=\"twitter:card\" content=\"summary_large_image\" \/>\n<meta name=\"twitter:label1\" content=\"Est. reading time\" \/>\n\t<meta name=\"twitter:data1\" content=\"1 minute\" \/>\n<script type=\"application\/ld+json\" class=\"yoast-schema-graph\">{\"@context\":\"https:\/\/schema.org\",\"@graph\":[{\"@type\":\"WebPage\",\"@id\":\"https:\/\/alfioghezzi.com\/en\/prodotto\/ragu-vegano-di-noci\/\",\"url\":\"https:\/\/alfioghezzi.com\/en\/prodotto\/ragu-vegano-di-noci\/\",\"name\":\"Rag\u00f9 Vegano di Noci - Alfio Ghezzi\",\"isPartOf\":{\"@id\":\"https:\/\/alfioghezzi.com\/en\/#website\"},\"primaryImageOfPage\":{\"@id\":\"https:\/\/alfioghezzi.com\/en\/prodotto\/ragu-vegano-di-noci\/#primaryimage\"},\"image\":{\"@id\":\"https:\/\/alfioghezzi.com\/en\/prodotto\/ragu-vegano-di-noci\/#primaryimage\"},\"thumbnailUrl\":\"https:\/\/alfioghezzi.com\/site\/wp-content\/uploads\/Ragu\u0300-vegano.png\",\"datePublished\":\"2024-09-16T07:05:39+00:00\",\"dateModified\":\"2025-09-12T12:38:41+00:00\",\"inLanguage\":\"en-GB\",\"potentialAction\":[{\"@type\":\"ReadAction\",\"target\":[\"https:\/\/alfioghezzi.com\/en\/prodotto\/ragu-vegano-di-noci\/\"]}]},{\"@type\":\"ImageObject\",\"inLanguage\":\"en-GB\",\"@id\":\"https:\/\/alfioghezzi.com\/en\/prodotto\/ragu-vegano-di-noci\/#primaryimage\",\"url\":\"https:\/\/alfioghezzi.com\/site\/wp-content\/uploads\/Ragu\u0300-vegano.png\",\"contentUrl\":\"https:\/\/alfioghezzi.com\/site\/wp-content\/uploads\/Ragu\u0300-vegano.png\",\"width\":1080,\"height\":1080,\"caption\":\"Rag\u00f9 vegano di Noci\"},{\"@type\":\"WebSite\",\"@id\":\"https:\/\/alfioghezzi.com\/en\/#website\",\"url\":\"https:\/\/alfioghezzi.com\/en\/\",\"name\":\"Alfio Ghezzi\",\"description\":\"\",\"potentialAction\":[{\"@type\":\"SearchAction\",\"target\":{\"@type\":\"EntryPoint\",\"urlTemplate\":\"https:\/\/alfioghezzi.com\/en\/?s={search_term_string}\"},\"query-input\":{\"@type\":\"PropertyValueSpecification\",\"valueRequired\":true,\"valueName\":\"search_term_string\"}}],\"inLanguage\":\"en-GB\"}]}<\/script>\n<!-- \/ Yoast SEO plugin. -->","yoast_head_json":{"title":"Rag\u00f9 Vegano di Noci - Alfio Ghezzi","robots":{"index":"index","follow":"follow","max-snippet":"max-snippet:-1","max-image-preview":"max-image-preview:large","max-video-preview":"max-video-preview:-1"},"canonical":"https:\/\/alfioghezzi.com\/en\/prodotto\/ragu-vegano-di-noci\/","og_locale":"en_GB","og_type":"article","og_title":"Rag\u00f9 Vegano di Noci - Alfio Ghezzi","og_description":"\u00c8 un rag\u00f9 vero e proprio, in cui abbiamo sostituito la carne con le noci, creando cosi un condimento vegano con la stessa lunghezza gustativa della ricetta tradizionale.","og_url":"https:\/\/alfioghezzi.com\/en\/prodotto\/ragu-vegano-di-noci\/","og_site_name":"Alfio Ghezzi","article_modified_time":"2025-09-12T12:38:41+00:00","og_image":[{"width":1080,"height":1080,"url":"https:\/\/alfioghezzi.com\/site\/wp-content\/uploads\/Ragu\u0300-vegano.png","type":"image\/png"}],"twitter_card":"summary_large_image","twitter_misc":{"Est. reading time":"1 minute"},"schema":{"@context":"https:\/\/schema.org","@graph":[{"@type":"WebPage","@id":"https:\/\/alfioghezzi.com\/en\/prodotto\/ragu-vegano-di-noci\/","url":"https:\/\/alfioghezzi.com\/en\/prodotto\/ragu-vegano-di-noci\/","name":"Rag\u00f9 Vegano di Noci - Alfio Ghezzi","isPartOf":{"@id":"https:\/\/alfioghezzi.com\/en\/#website"},"primaryImageOfPage":{"@id":"https:\/\/alfioghezzi.com\/en\/prodotto\/ragu-vegano-di-noci\/#primaryimage"},"image":{"@id":"https:\/\/alfioghezzi.com\/en\/prodotto\/ragu-vegano-di-noci\/#primaryimage"},"thumbnailUrl":"https:\/\/alfioghezzi.com\/site\/wp-content\/uploads\/Ragu\u0300-vegano.png","datePublished":"2024-09-16T07:05:39+00:00","dateModified":"2025-09-12T12:38:41+00:00","inLanguage":"en-GB","potentialAction":[{"@type":"ReadAction","target":["https:\/\/alfioghezzi.com\/en\/prodotto\/ragu-vegano-di-noci\/"]}]},{"@type":"ImageObject","inLanguage":"en-GB","@id":"https:\/\/alfioghezzi.com\/en\/prodotto\/ragu-vegano-di-noci\/#primaryimage","url":"https:\/\/alfioghezzi.com\/site\/wp-content\/uploads\/Ragu\u0300-vegano.png","contentUrl":"https:\/\/alfioghezzi.com\/site\/wp-content\/uploads\/Ragu\u0300-vegano.png","width":1080,"height":1080,"caption":"Rag\u00f9 vegano di Noci"},{"@type":"WebSite","@id":"https:\/\/alfioghezzi.com\/en\/#website","url":"https:\/\/alfioghezzi.com\/en\/","name":"Alfio Ghezzi","description":"","potentialAction":[{"@type":"SearchAction","target":{"@type":"EntryPoint","urlTemplate":"https:\/\/alfioghezzi.com\/en\/?s={search_term_string}"},"query-input":{"@type":"PropertyValueSpecification","valueRequired":true,"valueName":"search_term_string"}}],"inLanguage":"en-GB"}]}},"_links":{"self":[{"href":"https:\/\/alfioghezzi.com\/en\/wp-json\/wp\/v2\/product\/1418","targetHints":{"allow":["GET"]}}],"collection":[{"href":"https:\/\/alfioghezzi.com\/en\/wp-json\/wp\/v2\/product"}],"about":[{"href":"https:\/\/alfioghezzi.com\/en\/wp-json\/wp\/v2\/types\/product"}],"wp:featuredmedia":[{"embeddable":true,"href":"https:\/\/alfioghezzi.com\/en\/wp-json\/wp\/v2\/media\/1411"}],"wp:attachment":[{"href":"https:\/\/alfioghezzi.com\/en\/wp-json\/wp\/v2\/media?parent=1418"}],"wp:term":[{"taxonomy":"product_brand","embeddable":true,"href":"https:\/\/alfioghezzi.com\/en\/wp-json\/wp\/v2\/product_brand?post=1418"},{"taxonomy":"product_cat","embeddable":true,"href":"https:\/\/alfioghezzi.com\/en\/wp-json\/wp\/v2\/product_cat?post=1418"},{"taxonomy":"product_tag","embeddable":true,"href":"https:\/\/alfioghezzi.com\/en\/wp-json\/wp\/v2\/product_tag?post=1418"}],"curies":[{"name":"wp","href":"https:\/\/api.w.org\/{rel}","templated":true}]}}